{"id":896,"date":"2023-12-05T10:53:05","date_gmt":"2023-12-05T09:53:05","guid":{"rendered":"https:\/\/related2u.com\/imprint\/"},"modified":"2025-07-01T11:16:26","modified_gmt":"2025-07-01T09:16:26","slug":"imprint","status":"publish","type":"page","link":"https:\/\/related2u.com\/en\/imprint\/","title":{"rendered":"Imprint"},"content":{"rendered":"\t\t<div data-elementor-type=\"wp-page\" data-elementor-id=\"896\" class=\"elementor elementor-896 elementor-24\" data-elementor-post-type=\"page\">\n\t\t\t\t<div class=\"elementor-element elementor-element-f79320e e-flex e-con-boxed e-con e-parent\" data-id=\"f79320e\" data-element_type=\"container\">\n\t\t\t\t\t<div class=\"e-con-inner\">\n\t\t\t\t<div class=\"elementor-element elementor-element-51fec3d elementor-widget elementor-widget-spacer\" data-id=\"51fec3d\" data-element_type=\"widget\" data-widget_type=\"spacer.default\">\n\t\t\t\t<div class=\"elementor-widget-container\">\n\t\t\t\t\t\t\t<div class=\"elementor-spacer\">\n\t\t\t<div class=\"elementor-spacer-inner\"><\/div>\n\t\t<\/div>\n\t\t\t\t\t\t<\/div>\n\t\t\t\t<\/div>\n\t\t\t\t<div class=\"elementor-element elementor-element-e29dceb elementor-widget elementor-widget-heading\" data-id=\"e29dceb\" data-element_type=\"widget\" data-widget_type=\"heading.default\">\n\t\t\t\t<div class=\"elementor-widget-container\">\n\t\t\t\t\t<h1 class=\"elementor-heading-title elementor-size-default\">Imprint<\/h1>\t\t\t\t<\/div>\n\t\t\t\t<\/div>\n\t\t\t\t<div class=\"elementor-element elementor-element-6245606 elementor-widget elementor-widget-text-editor\" data-id=\"6245606\" data-element_type=\"widget\" data-widget_type=\"text-editor.default\">\n\t\t\t\t<div class=\"elementor-widget-container\">\n\t\t\t\t\t\t\t\t\t<h2>According to \u00a7 5 TMG<\/h2><p>Related Communications GmbH<br>Am Kirschbaumwaeldchen 28<br>40547 D\u00fcsseldorf<\/p><p>Commercial register: HRB 63328<br>Register court: District Court of D\u00fcsseldorf<\/p><h2>Represented by:<\/h2><p>Carsten H\u00f6cker<\/p><p><strong>Contact:<br><\/strong>Telefon: +49 211 5229010<br>E-Mail: hello[at]related2u.com<\/p><h2>Tax ID<\/h2><p>VAT identification number according to Section 27a of the German Sales Tax Act:<br>DE273110970<\/p><h2>Information about professional liability insurance<\/h2><p>Name and registered office of the insurer:<br>W\u00fcrttembergische Versicherung AG<br>70163 Stuttgart<\/p><p>Area of validity of the insurance:<\/p><p>Germany<\/p><h2>Editorially responsible<\/h2><p>Carsten H\u00f6cker<br>Am Kirschbaumw\u00e4ldchen 28<br>40547 D\u00fcsseldorf<\/p>\t\t\t\t\t\t\t\t<\/div>\n\t\t\t\t<\/div>\n\t\t\t\t<div class=\"elementor-element elementor-element-17fefaf elementor-widget elementor-widget-spacer\" data-id=\"17fefaf\" data-element_type=\"widget\" data-widget_type=\"spacer.default\">\n\t\t\t\t<div class=\"elementor-widget-container\">\n\t\t\t\t\t\t\t<div class=\"elementor-spacer\">\n\t\t\t<div class=\"elementor-spacer-inner\"><\/div>\n\t\t<\/div>\n\t\t\t\t\t\t<\/div>\n\t\t\t\t<\/div>\n\t\t\t\t\t<\/div>\n\t\t\t\t<\/div>\n\t\t\t\t<\/div>\n\t\t","protected":false},"excerpt":{"rendered":"<p>Imprint According to \u00a7 5 TMG Related Communications GmbHAm Kirschbaumwaeldchen 2840547 D\u00fcsseldorf Commercial register: HRB 63328Register court: District Court of D\u00fcsseldorf Represented by: Carsten H\u00f6cker Contact:Telefon: +49 211 5229010E-Mail: hello[at]related2u.com Tax ID VAT identification number according to Section 27a of the German Sales Tax Act:DE273110970 Information about professional liability insurance Name and registered office of [&hellip;]<\/p>\n","protected":false},"author":2,"featured_media":0,"parent":0,"menu_order":0,"comment_status":"closed","ping_status":"closed","template":"","meta":{"footnotes":""},"class_list":["post-896","page","type-page","status-publish","hentry"],"_links":{"self":[{"href":"https:\/\/related2u.com\/en\/wp-json\/wp\/v2\/pages\/896","targetHints":{"allow":["GET"]}}],"collection":[{"href":"https:\/\/related2u.com\/en\/wp-json\/wp\/v2\/pages"}],"about":[{"href":"https:\/\/related2u.com\/en\/wp-json\/wp\/v2\/types\/page"}],"author":[{"embeddable":true,"href":"https:\/\/related2u.com\/en\/wp-json\/wp\/v2\/users\/2"}],"replies":[{"embeddable":true,"href":"https:\/\/related2u.com\/en\/wp-json\/wp\/v2\/comments?post=896"}],"version-history":[{"count":16,"href":"https:\/\/related2u.com\/en\/wp-json\/wp\/v2\/pages\/896\/revisions"}],"predecessor-version":[{"id":982,"href":"https:\/\/related2u.com\/en\/wp-json\/wp\/v2\/pages\/896\/revisions\/982"}],"wp:attachment":[{"href":"https:\/\/related2u.com\/en\/wp-json\/wp\/v2\/media?parent=896"}],"curies":[{"name":"wp","href":"https:\/\/api.w.org\/{rel}","templated":true}]}}